{"id":734,"date":"2022-04-14T14:57:18","date_gmt":"2022-04-14T17:57:18","guid":{"rendered":"https:\/\/directweb.eduead.com.br\/loja\/?post_type=product&#038;p=734"},"modified":"2022-04-25T11:33:00","modified_gmt":"2022-04-25T14:33:00","slug":"curso-de-programacao-em-php","status":"publish","type":"product","link":"https:\/\/directweb.eduead.com.br\/loja\/produto\/curso-de-programacao-em-php\/","title":{"rendered":"Curso de programa\u00e7\u00e3o em PHP"},"content":{"rendered":"<p>Curso de programa\u00e7\u00e3o com a linguagem PHP do Iniciante ao avan\u00e7ado.<\/p>\n<p>&nbsp;<\/p>\n<div style=\"width: 640px;\" class=\"wp-video\"><!--[if lt IE 9]><script>document.createElement('video');<\/script><![endif]-->\n<video class=\"wp-video-shortcode\" id=\"video-734-1\" width=\"640\" height=\"360\" preload=\"metadata\" controls=\"controls\"><source type=\"video\/mp4\" src=\"https:\/\/directweb.eduead.com.br\/loja\/wp-content\/uploads\/2022\/04\/o_que_e_php.mp4?_=1\" \/><a href=\"https:\/\/directweb.eduead.com.br\/loja\/wp-content\/uploads\/2022\/04\/o_que_e_php.mp4\">https:\/\/directweb.eduead.com.br\/loja\/wp-content\/uploads\/2022\/04\/o_que_e_php.mp4<\/a><\/video><\/div>\n","protected":false},"excerpt":{"rendered":"<p>Curso de programa\u00e7\u00e3o com a linguagem PHP do Iniciante ao avan\u00e7ado.<\/p>\n","protected":false},"featured_media":735,"template":"","meta":[],"product_cat":[26],"product_tag":[],"_links":{"self":[{"href":"https:\/\/directweb.eduead.com.br\/loja\/wp-json\/wp\/v2\/product\/734"}],"collection":[{"href":"https:\/\/directweb.eduead.com.br\/loja\/wp-json\/wp\/v2\/product"}],"about":[{"href":"https:\/\/directweb.eduead.com.br\/loja\/wp-json\/wp\/v2\/types\/product"}],"wp:featuredmedia":[{"embeddable":true,"href":"https:\/\/directweb.eduead.com.br\/loja\/wp-json\/wp\/v2\/media\/735"}],"wp:attachment":[{"href":"https:\/\/directweb.eduead.com.br\/loja\/wp-json\/wp\/v2\/media?parent=734"}],"wp:term":[{"taxonomy":"product_cat","embeddable":true,"href":"https:\/\/directweb.eduead.com.br\/loja\/wp-json\/wp\/v2\/product_cat?post=734"},{"taxonomy":"product_tag","embeddable":true,"href":"https:\/\/directweb.eduead.com.br\/loja\/wp-json\/wp\/v2\/product_tag?post=734"}],"curies":[{"name":"wp","href":"https:\/\/api.w.org\/{rel}","templated":true}]}}